{"id":476,"date":"2024-08-19T12:52:24","date_gmt":"2024-08-19T12:52:24","guid":{"rendered":"https:\/\/mundosol.com\/cms\/?page_id=476"},"modified":"2025-02-27T16:06:18","modified_gmt":"2025-02-27T16:06:18","slug":"limon-zeroseed","status":"publish","type":"page","link":"https:\/\/mundosol.com\/en\/limon-zeroseed\/","title":{"rendered":"Limon ZeroSeed"},"content":{"rendered":"<p>[et_pb_section fb_built=\u00bb1&#8243; admin_label=\u00bbHeader &#038; Video\u00bb _builder_version=\u00bb4.24.3&#8243; _module_preset=\u00bb5078ecdc-4dcd-4ac3-b2db-abc9f655e4f1&#8243; custom_margin=\u00bb||||false|false\u00bb locked=\u00bboff\u00bb collapsed=\u00bbon\u00bb global_colors_info=\u00bb{%22gcid-1f1bf5fb-a99d-4acc-8d9e-ddac074c158c%22:%91%22background_color_gradient_stops%22%93,%22gcid-a78660e1-cfc7-4771-a566-6834d6a7f06a%22:%91%22background_color_gradient_stops%22%93,%22gcid-24b0db87-dafa-47d9-995f-b90181e18c52%22:%91%22background_color_gradient_stops%22%93}\u00bb][et_pb_row _builder_version=\u00bb4.25.1&#8243; _module_preset=\u00bbdefault\u00bb global_colors_info=\u00bb{}\u00bb][et_pb_column type=\u00bb4_4&#8243; _builder_version=\u00bb4.25.1&#8243; _module_preset=\u00bbdefault\u00bb global_colors_info=\u00bb{}\u00bb][et_pb_heading title=\u00bbIgual de frescos que siempre, pero sin semillas.\u00bb _builder_version=\u00bb4.27.2&#8243; _module_preset=\u00bb39b1d9d6-59c6-4e61-902f-1474d21612b8&#8243; title_font=\u00bbUrbanist|700|||||||\u00bb title_text_align=\u00bbcenter\u00bb title_text_color=\u00bb#FFFFFF\u00bb custom_margin=\u00bb||10px||false|false\u00bb global_colors_info=\u00bb{}\u00bb][\/et_pb_heading][et_pb_text _builder_version=\u00bb4.27.2&#8243; _module_preset=\u00bb1e02bd28-949a-4472-afd0-66e2fccb0470&#8243; global_colors_info=\u00bb{}\u00bb]<\/p>\n<p style=\"text-align: center;\">For the last five years, we have headed in a new direction with our own variety of seedless lemons. Same freshness, more flavour, same quality without the seeds. We focus on what is important: conveniency and simplicity.<\/p>\n<p>[\/et_pb_text][et_pb_image src=\u00bbhttps:\/\/mundosol.com\/cms\/wp-content\/uploads\/2024\/11\/limones-principal-1.jpg\u00bb title_text=\u00bblimones-principal\u00bb _builder_version=\u00bb4.27.2&#8243; _module_preset=\u00bbdefault\u00bb border_radii=\u00bbon|32px|32px|32px|32px\u00bb global_colors_info=\u00bb{}\u00bb][\/et_pb_image][\/et_pb_column][\/et_pb_row][\/et_pb_section][et_pb_section fb_built=\u00bb1&#8243; admin_label=\u00bbFeatures\u00bb _builder_version=\u00bb4.25.1&#8243; _module_preset=\u00bb09bb2a13-1a7a-4e47-b528-fb4065aca560&#8243; background_color=\u00bbgcid-ce695d38-7b45-4ff3-bae8-e54df8b6593b\u00bb locked=\u00bboff\u00bb collapsed=\u00bbon\u00bb global_colors_info=\u00bb{%22gcid-ce695d38-7b45-4ff3-bae8-e54df8b6593b%22:%91%22background_color%22%93}\u00bb][et_pb_row _builder_version=\u00bb4.25.1&#8243; _module_preset=\u00bbdefault\u00bb global_colors_info=\u00bb{}\u00bb][et_pb_column type=\u00bb4_4&#8243; _builder_version=\u00bb4.25.1&#8243; _module_preset=\u00bbdefault\u00bb global_colors_info=\u00bb{}\u00bb][et_pb_heading title=\u00bbNuestro lim\u00f3n sin semillas\u00bb _builder_version=\u00bb4.27.2&#8243; _module_preset=\u00bb5676f95b-c47e-4625-b9eb-513f08aaffd9&#8243; title_text_align=\u00bbcenter\u00bb title_text_color=\u00bb#8c8c8c\u00bb custom_margin=\u00bb||10px||false|false\u00bb global_colors_info=\u00bb{}\u00bb][\/et_pb_heading][\/et_pb_column][\/et_pb_row][et_pb_row column_structure=\u00bb1_3,1_3,1_3&#8243; _builder_version=\u00bb4.25.2&#8243; _module_preset=\u00bbdefault\u00bb global_colors_info=\u00bb{}\u00bb][et_pb_column type=\u00bb1_3&#8243; _builder_version=\u00bb4.25.2&#8243; _module_preset=\u00bbdefault\u00bb global_colors_info=\u00bb{}\u00bb][et_pb_blurb title=\u00bb+200&#8243; use_icon=\u00bbon\u00bb font_icon=\u00bb&#xf094;||fa||900&#8243; icon_color=\u00bb#FFFFFF\u00bb _builder_version=\u00bb4.24.3&#8243; _module_preset=\u00bb620fd97b-2b2d-4345-9cb8-adb2246a53c8&#8243; header_font=\u00bbUrbanist|700|||||||\u00bb header_font_size=\u00bb74px\u00bb background_color=\u00bbgcid-1f1b4e15-7cc6-4e13-8154-74d77a956460&#8243; text_orientation=\u00bbcenter\u00bb custom_padding=\u00bb37px|40px|37px|40px|true|true\u00bb global_colors_info=\u00bb{%22gcid-d7cd5a78-aaef-4f36-82a3-4d3706015cba%22:%91%22link_text_color%22,%22link_text_color%22%93,%22gcid-1f1b4e15-7cc6-4e13-8154-74d77a956460%22:%91%22link_text_color%22,%22quote_text_color%22,%22quote_border_color%22,%22background_color%22%93}\u00bb]<\/p>\n<p>ZeroSeeds planted hectares show our company's commitment to sustainable innovation.<\/p>\n<p>[\/et_pb_blurb][\/et_pb_column][et_pb_column type=\u00bb1_3&#8243; _builder_version=\u00bb4.25.2&#8243; _module_preset=\u00bbdefault\u00bb global_colors_info=\u00bb{}\u00bb][et_pb_blurb title=\u00bbZero\u00bb use_icon=\u00bbon\u00bb font_icon=\u00bb&#xf4f3;||fa||400&#8243; icon_color=\u00bb#FFFFFF\u00bb _builder_version=\u00bb4.24.3&#8243; _module_preset=\u00bb620fd97b-2b2d-4345-9cb8-adb2246a53c8&#8243; header_font=\u00bbUrbanist|700|||||||\u00bb header_font_size=\u00bb75px\u00bb background_color=\u00bbgcid-4c79ba3d-a281-4fb6-9b14-02f9a4c793f2&#8243; text_orientation=\u00bbcenter\u00bb min_height=\u00bb404.7px\u00bb locked=\u00bboff\u00bb global_colors_info=\u00bb{%22gcid-d7cd5a78-aaef-4f36-82a3-4d3706015cba%22:%91%22link_text_color%22,%22link_text_color%22%93,%22gcid-1f1b4e15-7cc6-4e13-8154-74d77a956460%22:%91%22link_text_color%22,%22quote_text_color%22,%22quote_border_color%22,%22link_text_color%22,%22quote_text_color%22,%22quote_border_color%22%93,%22gcid-4c79ba3d-a281-4fb6-9b14-02f9a4c793f2%22:%91%22background_color%22%93}\u00bb]<\/p>\n<p>Post-harvest treatment. This variety is free of treatments once harvested.<\/p>\n<p>[\/et_pb_blurb][\/et_pb_column][et_pb_column type=\u00bb1_3&#8243; _builder_version=\u00bb4.25.2&#8243; _module_preset=\u00bbdefault\u00bb global_colors_info=\u00bb{}\u00bb][et_pb_blurb title=\u00bb+250&#8243; image=\u00bbhttps:\/\/mundosol.com\/cms\/wp-content\/uploads\/2024\/07\/O-ZERO-SEED-2.png\u00bb _builder_version=\u00bb4.24.3&#8243; _module_preset=\u00bb620fd97b-2b2d-4345-9cb8-adb2246a53c8&#8243; header_font=\u00bbUrbanist|700|||||||\u00bb header_font_size=\u00bb75px\u00bb background_color=\u00bb#B3B3B3&#8243; text_orientation=\u00bbcenter\u00bb min_height=\u00bb405.7px\u00bb locked=\u00bboff\u00bb global_colors_info=\u00bb{}\u00bb]<\/p>\n<p>Hectares is the forecast that Mundosol has for this new variety over the next 3 years.<\/p>\n<p>[\/et_pb_blurb][\/et_pb_column][\/et_pb_row][\/et_pb_section][et_pb_section fb_built=\u00bb1&#8243; admin_label=\u00bbFooter\u00bb _builder_version=\u00bb4.27.2&#8243; _module_preset=\u00bb5078ecdc-4dcd-4ac3-b2db-abc9f655e4f1&#8243; saved_tabs=\u00bball\u00bb collapsed=\u00bbon\u00bb global_colors_info=\u00bb{}\u00bb][et_pb_row _builder_version=\u00bb4.25.1&#8243; _module_preset=\u00bbdefault\u00bb locked=\u00bboff\u00bb global_colors_info=\u00bb{}\u00bb][et_pb_column type=\u00bb4_4&#8243; _builder_version=\u00bb4.25.1&#8243; _module_preset=\u00bbdefault\u00bb global_colors_info=\u00bb{}\u00bb][et_pb_heading title=\u00bbCalendario\u00bb _builder_version=\u00bb4.24.3&#8243; _module_preset=\u00bb39b1d9d6-59c6-4e61-902f-1474d21612b8&#8243; title_font=\u00bbUrbanist|700|||||||\u00bb title_text_align=\u00bbright\u00bb title_text_color=\u00bb#FFFFFF\u00bb custom_margin=\u00bb||10px||false|false\u00bb custom_padding=\u00bb|34px||||\u00bb global_colors_info=\u00bb{}\u00bb][\/et_pb_heading][\/et_pb_column][\/et_pb_row][et_pb_row _builder_version=\u00bb4.24.3&#8243; _module_preset=\u00bbdefault\u00bb global_colors_info=\u00bb{}\u00bb][et_pb_column type=\u00bb4_4&#8243; _builder_version=\u00bb4.24.3&#8243; _module_preset=\u00bbdefault\u00bb global_colors_info=\u00bb{}\u00bb][et_pb_image src=\u00bbhttps:\/\/mundosol.com\/cms\/wp-content\/uploads\/2024\/10\/CALENDARIO-LIMONES-blanco-1.png\u00bb title_text=\u00bbCALENDARIO-LIMONES-blanco\u00bb _builder_version=\u00bb4.27.2&#8243; _module_preset=\u00bbdefault\u00bb custom_margin=\u00bb-64px|||||\u00bb global_colors_info=\u00bb{}\u00bb][\/et_pb_image][et_pb_heading title=\u00bbProducci\u00f3n ininterrumpida durante 12 meses. Producci\u00f3n realizada entre Hemisferio Norte y Hemisferio Sur \u00bb _builder_version=\u00bb4.27.2&#8243; _module_preset=\u00bb5676f95b-c47e-4625-b9eb-513f08aaffd9&#8243; title_text_align=\u00bbcenter\u00bb title_text_color=\u00bb#FFFFFF\u00bb title_font_size=\u00bb19px\u00bb custom_margin=\u00bb-43px||10px||false|false\u00bb global_colors_info=\u00bb{}\u00bb][\/et_pb_heading][\/et_pb_column][\/et_pb_row][\/et_pb_section][et_pb_section fb_built=\u00bb1&#8243; admin_label=\u00bbCall to Action\u00bb _builder_version=\u00bb4.25.1&#8243; _module_preset=\u00bb09bb2a13-1a7a-4e47-b528-fb4065aca560&#8243; locked=\u00bboff\u00bb collapsed=\u00bbon\u00bb global_colors_info=\u00bb{}\u00bb][et_pb_row column_structure=\u00bb1_2,1_2&#8243; _builder_version=\u00bb4.25.1&#8243; _module_preset=\u00bbdefault\u00bb locked=\u00bboff\u00bb global_colors_info=\u00bb{}\u00bb][et_pb_column type=\u00bb1_2&#8243; _builder_version=\u00bb4.25.1&#8243; _module_preset=\u00bbdefault\u00bb global_colors_info=\u00bb{}\u00bb][et_pb_image src=\u00bbhttps:\/\/mundosol.com\/cms\/wp-content\/uploads\/2024\/08\/Zerosedd-scaled.jpg\u00bb title_text=\u00bbZerosedd\u00bb _builder_version=\u00bb4.24.3&#8243; _module_preset=\u00bbdefault\u00bb width=\u00bb91%\u00bb custom_margin=\u00bb||||false|false\u00bb border_radii=\u00bbon|30px|30px|30px|30px\u00bb global_colors_info=\u00bb{}\u00bb][\/et_pb_image][\/et_pb_column][et_pb_column type=\u00bb1_2&#8243; _builder_version=\u00bb4.25.1&#8243; _module_preset=\u00bbdefault\u00bb global_colors_info=\u00bb{}\u00bb][et_pb_heading title=\u00bbEl lim\u00f3n en la m\u00e1xima expresi\u00f3n. \u00bb _builder_version=\u00bb4.27.2&#8243; _module_preset=\u00bb5676f95b-c47e-4625-b9eb-513f08aaffd9&#8243; custom_margin=\u00bb||10px||false|false\u00bb global_colors_info=\u00bb{}\u00bb][\/et_pb_heading][et_pb_text quote_border_color=\u00bb#0047ff\u00bb _builder_version=\u00bb4.27.2&#8243; _module_preset=\u00bb6bb8b2f9-a057-495c-b1a1-4cbab26eac95&#8243; link_text_color=\u00bb#0047ff\u00bb quote_text_color=\u00bb#0047ff\u00bb global_colors_info=\u00bb{}\u00bb]<\/p>\n<p><span>ZeroSeeds lemons are in great demand. Mundosol has made it its main project for the upcoming years. A unique, aromatic, seedless fruit that is available all year round, the crops are located in Spain and South Africa. A further step in the development of specific varieties that can be marketed in all existing types of packaging and, of course, also in their untreated and organic varieties.<\/span><\/p>\n<p>[\/et_pb_text][et_pb_button button_text=\u00bbContacta con nosotros\u00bb _builder_version=\u00bb4.27.2&#8243; _module_preset=\u00bb5e30c495-6cfc-44d9-b38c-ee70e3933df1&#8243; hover_enabled=\u00bb0&#8243; global_colors_info=\u00bb{}\u00bb button_url=\u00bbhttps:\/\/mundosol.com\/contacto-2\/\u00bb sticky_enabled=\u00bb0&#8243;][\/et_pb_button][\/et_pb_column][\/et_pb_row][\/et_pb_section][et_pb_section fb_built=\u00bb1&#8243; specialty=\u00bbon\u00bb admin_label=\u00bbFooter\u00bb _builder_version=\u00bb4.27.2&#8243; _module_preset=\u00bbdefault\u00bb background_color=\u00bbgcid-a93f2103-1d8b-43bb-b21d-81d84bba8b15&#8243; use_background_color_gradient=\u00bbon\u00bb background_color_gradient_stops=\u00bb#ffffff 0%|rgba(255,255,255,0.35) 100%\u00bb background_color_gradient_overlays_image=\u00bbon\u00bb background_image=\u00bbhttps:\/\/mundosol.com\/cms\/wp-content\/uploads\/2024\/05\/campo-fondo.jpg\u00bb inner_max_width=\u00bb1800px\u00bb overflow-x=\u00bbhidden\u00bb overflow-y=\u00bbhidden\u00bb custom_padding=\u00bb||0px|||\u00bb global_module=\u00bb309&#8243; saved_tabs=\u00bball\u00bb global_colors_info=\u00bb{%22gcid-a93f2103-1d8b-43bb-b21d-81d84bba8b15%22:%91%22background_color%22%93}\u00bb][et_pb_column type=\u00bb3_4&#8243; specialty_columns=\u00bb3&#8243; _builder_version=\u00bb4.16&#8243; _module_preset=\u00bbdefault\u00bb custom_padding=\u00bb|||\u00bb global_colors_info=\u00bb{}\u00bb custom_padding__hover=\u00bb|||\u00bb][et_pb_row_inner column_structure=\u00bb1_2,1_2&#8243; _builder_version=\u00bb4.24.0&#8243; _module_preset=\u00bbdefault\u00bb custom_padding=\u00bb||20px||false|false\u00bb locked=\u00bboff\u00bb global_colors_info=\u00bb{}\u00bb][et_pb_column_inner type=\u00bb1_2&#8243; saved_specialty_column_type=\u00bb3_4&#8243; _builder_version=\u00bb4.22.0&#8243; _module_preset=\u00bbdefault\u00bb global_colors_info=\u00bb{}\u00bb][et_pb_image src=\u00bbhttps:\/\/mundosol.com\/cms\/wp-content\/uploads\/2024\/10\/logo-mundosol.png\u00bb title_text=\u00bblogo-mundosol\u00bb _builder_version=\u00bb4.27.2&#8243; _module_preset=\u00bbdefault\u00bb global_colors_info=\u00bb{}\u00bb][\/et_pb_image][\/et_pb_column_inner][et_pb_column_inner type=\u00bb1_2&#8243; saved_specialty_column_type=\u00bb3_4&#8243; _builder_version=\u00bb4.22.0&#8243; _module_preset=\u00bbdefault\u00bb global_colors_info=\u00bb{}\u00bb][\/et_pb_column_inner][\/et_pb_row_inner][et_pb_row_inner column_structure=\u00bb1_2,1_2&#8243; _builder_version=\u00bb4.22.0&#8243; _module_preset=\u00bbdefault\u00bb custom_margin=\u00bb|195px||||\u00bb custom_padding=\u00bb0px|||||\u00bb locked=\u00bboff\u00bb global_colors_info=\u00bb{}\u00bb][et_pb_column_inner type=\u00bb1_2&#8243; saved_specialty_column_type=\u00bb3_4&#8243; _builder_version=\u00bb4.22.0&#8243; _module_preset=\u00bbdefault\u00bb global_colors_info=\u00bb{}\u00bb][et_pb_blurb title=\u00bbDirecci\u00f3n Oficinas Centrales\u00bb image_icon_background_color=\u00bb#000000&#8243; _builder_version=\u00bb4.27.2&#8243; _module_preset=\u00bbd997a5f7-db13-4830-944d-27ff85bb0f8b\u00bb header_text_color=\u00bb#001689&#8243; header_font_size=\u00bb22px\u00bb body_text_color=\u00bb#001689&#8243; custom_margin=\u00bb||30px||false|false\u00bb locked=\u00bboff\u00bb global_colors_info=\u00bb{%22gcid-779a3d53-700b-4950-9fae-611323b51b16%22:%91%22body_link_text_color%22,%22body_link_text_color%22%93}\u00bb]<\/p>\n<p>Calle de Los Campirulos, 80, 03315 La Murada, Alicante<\/p>\n<p>[\/et_pb_blurb][et_pb_blurb title=\u00bbDirecci\u00f3n Oficina Recolecci\u00f3n\u00bb image_icon_background_color=\u00bb#000000&#8243; _builder_version=\u00bb4.27.2&#8243; _module_preset=\u00bbd997a5f7-db13-4830-944d-27ff85bb0f8b\u00bb header_text_color=\u00bb#001689&#8243; header_font_size=\u00bb22px\u00bb body_text_color=\u00bb#001689&#8243; custom_margin=\u00bb||30px||false|false\u00bb locked=\u00bboff\u00bb global_colors_info=\u00bb{%22gcid-779a3d53-700b-4950-9fae-611323b51b16%22:%91%22body_link_text_color%22,%22body_link_text_color%22%93}\u00bb]<\/p>\n<p>Paseo de la Mota, 2, 30140 Santomera, Murcia<\/p>\n<p>[\/et_pb_blurb][et_pb_blurb title=\u00bbDirecci\u00f3n Sede Social \u00bb image_icon_background_color=\u00bb#000000&#8243; _builder_version=\u00bb4.27.2&#8243; _module_preset=\u00bbd997a5f7-db13-4830-944d-27ff85bb0f8b\u00bb header_text_color=\u00bb#001689&#8243; header_font_size=\u00bb22px\u00bb body_text_color=\u00bb#001689&#8243; custom_margin=\u00bb||30px||false|false\u00bb locked=\u00bboff\u00bb global_colors_info=\u00bb{%22gcid-779a3d53-700b-4950-9fae-611323b51b16%22:%91%22body_link_text_color%22,%22body_link_text_color%22%93}\u00bb]<\/p>\n<p>Plaza Santa Isabel, 7. 1\u00ba 30004 Murcia<\/p>\n<p>[\/et_pb_blurb][et_pb_button button_text=\u00bbContactar\u00bb _builder_version=\u00bb4.27.2&#8243; _module_preset=\u00bb1e5d7cdf-baef-4791-88cf-0cdd98cbdd29&#8243; button_bg_color=\u00bb#00457A\u00bb custom_margin=\u00bb30px||||false|false\u00bb hover_enabled=\u00bb0&#8243; global_colors_info=\u00bb{}\u00bb button_url=\u00bbhttps:\/\/mundosol.com\/contacto-2\/\u00bb sticky_enabled=\u00bb0&#8243;][\/et_pb_button][\/et_pb_column_inner][et_pb_column_inner type=\u00bb1_2&#8243; saved_specialty_column_type=\u00bb3_4&#8243; _builder_version=\u00bb4.22.0&#8243; _module_preset=\u00bbdefault\u00bb global_colors_info=\u00bb{}\u00bb][et_pb_blurb title=\u00bbTel\u00e9fono\u00bb image_icon_background_color=\u00bbgcid-a93f2103-1d8b-43bb-b21d-81d84bba8b15&#8243; _builder_version=\u00bb4.24.3&#8243; _module_preset=\u00bbd997a5f7-db13-4830-944d-27ff85bb0f8b\u00bb header_text_color=\u00bb#001689&#8243; header_font_size=\u00bb21px\u00bb body_text_color=\u00bb#001689&#8243; custom_margin=\u00bb||30px||false|false\u00bb locked=\u00bboff\u00bb global_colors_info=\u00bb{%22gcid-779a3d53-700b-4950-9fae-611323b51b16%22:%91%22body_link_text_color%22,%22body_link_text_color%22,%22body_link_text_color%22%93,%22gcid-a93f2103-1d8b-43bb-b21d-81d84bba8b15%22:%91%22image_icon_background_color%22,%22image_icon_background_color%22,%22image_icon_background_color%22%93}\u00bb]<\/p>\n<p>966779799<\/p>\n<p>[\/et_pb_blurb][et_pb_blurb title=\u00bbEmail\u00bb image_icon_background_color=\u00bbgcid-a93f2103-1d8b-43bb-b21d-81d84bba8b15&#8243; _builder_version=\u00bb4.24.3&#8243; _module_preset=\u00bbd997a5f7-db13-4830-944d-27ff85bb0f8b\u00bb header_text_color=\u00bb#001689&#8243; header_font_size=\u00bb22px\u00bb body_text_color=\u00bb#001689&#8243; custom_margin=\u00bb||30px||false|false\u00bb locked=\u00bboff\u00bb global_colors_info=\u00bb{%22gcid-779a3d53-700b-4950-9fae-611323b51b16%22:%91%22body_link_text_color%22,%22body_link_text_color%22,%22body_link_text_color%22%93,%22gcid-a93f2103-1d8b-43bb-b21d-81d84bba8b15%22:%91%22image_icon_background_color%22,%22image_icon_background_color%22,%22image_icon_background_color%22%93}\u00bb]<\/p>\n<p>informacion@mundosol.com<\/p>\n<p>[\/et_pb_blurb][et_pb_social_media_follow icon_color=\u00bb#FFFFFF\u00bb use_icon_font_size=\u00bbon\u00bb icon_font_size=\u00bb20px\u00bb _builder_version=\u00bb4.27.2&#8243; _module_preset=\u00bbdefault\u00bb text_orientation=\u00bbleft\u00bb custom_margin=\u00bb||-12px||false|false\u00bb global_colors_info=\u00bb{}\u00bb][et_pb_social_media_follow_network social_network=\u00bbfacebook\u00bb url=\u00bbhttps:\/\/www.facebook.com\/MundosolQuality\u00bb _builder_version=\u00bb4.27.2&#8243; _module_preset=\u00bbdefault\u00bb background_color=\u00bb#3b5998&#8243; global_colors_info=\u00bb{}\u00bb follow_button=\u00bboff\u00bb url_new_window=\u00bbon\u00bb]facebook[\/et_pb_social_media_follow_network][et_pb_social_media_follow_network social_network=\u00bblinkedin\u00bb url=\u00bbhttps:\/\/www.linkedin.com\/company\/mundosolquality\/\u00bb use_icon_font_size=\u00bbon\u00bb _builder_version=\u00bb4.27.2&#8243; _module_preset=\u00bbdefault\u00bb background_color=\u00bb#007bb6&#8243; global_colors_info=\u00bb{}\u00bb follow_button=\u00bboff\u00bb url_new_window=\u00bbon\u00bb]linkedin[\/et_pb_social_media_follow_network][\/et_pb_social_media_follow][\/et_pb_column_inner][\/et_pb_row_inner][\/et_pb_column][et_pb_column type=\u00bb1_4&#8243; _builder_version=\u00bb4.16&#8243; _module_preset=\u00bbdefault\u00bb custom_padding=\u00bb|||\u00bb global_colors_info=\u00bb{}\u00bb custom_padding__hover=\u00bb|||\u00bb][\/et_pb_column][\/et_pb_section]<\/p>","protected":false},"excerpt":{"rendered":"<p>Desde hace cinco a\u00f1os, tenemos un nuevo rumbo encabezado por nuestra propia variedad de limones sin semillas. Misma frescura, mayor aroma, misma calidad y sin las molestas semillas. C\u00e9ntrate en lo importante: c\u00f3modo y sencillo.Hectareas plantadas de ZeroSeeds demuestran el compromiso de nuestra compa\u00f1\u00eda con la innovacion sostenible.Tratamiento post cosecha. Esta variedad est\u00e1 libre de [&hellip;]<\/p>","protected":false},"author":1,"featured_media":897,"parent":0,"menu_order":0,"comment_status":"closed","ping_status":"closed","template":"","meta":{"_et_pb_use_builder":"on","_et_pb_old_content":"","_et_gb_content_width":"","footnotes":""},"class_list":["post-476","page","type-page","status-publish","has-post-thumbnail","hentry"],"yoast_head":"<!-- This site is optimized with the Yoast SEO plugin v24.5 - https:\/\/yoast.com\/wordpress\/plugins\/seo\/ -->\n<title>Limon ZeroSeed - Mundosol<\/title>\n<meta name=\"description\" content=\"Nuestra variedad propia. Le hemos quitado a nuestros limones Zeroseeds lo \u00fanico que les sobra: las semillas.\" \/>\n<meta name=\"robots\" content=\"index, follow, max-snippet:-1, max-image-preview:large, max-video-preview:-1\" \/>\n<link rel=\"canonical\" href=\"https:\/\/mundosol.com\/en\/limon-zeroseed\/\" \/>\n<meta property=\"og:locale\" content=\"en_GB\" \/>\n<meta property=\"og:type\" content=\"article\" \/>\n<meta property=\"og:title\" content=\"Limon ZeroSeed - Mundosol\" \/>\n<meta property=\"og:description\" content=\"Nuestra variedad propia. Le hemos quitado a nuestros limones Zeroseeds lo \u00fanico que les sobra: las semillas.\" \/>\n<meta property=\"og:url\" content=\"https:\/\/mundosol.com\/en\/limon-zeroseed\/\" \/>\n<meta property=\"og:site_name\" content=\"Mundosol\" \/>\n<meta property=\"article:modified_time\" content=\"2025-02-27T16:06:18+00:00\" \/>\n<meta property=\"og:image\" content=\"https:\/\/mundosol.com\/cms\/wp-content\/uploads\/2024\/11\/limones-principal-1.jpg\" \/>\n\t<meta property=\"og:image:width\" content=\"2560\" \/>\n\t<meta property=\"og:image:height\" content=\"1245\" \/>\n\t<meta property=\"og:image:type\" content=\"image\/jpeg\" \/>\n<meta name=\"twitter:card\" content=\"summary_large_image\" \/>\n<meta name=\"twitter:label1\" content=\"Estimated reading time\" \/>\n\t<meta name=\"twitter:data1\" content=\"3 minutes\" \/>\n<script type=\"application\/ld+json\" class=\"yoast-schema-graph\">{\"@context\":\"https:\/\/schema.org\",\"@graph\":[{\"@type\":\"WebPage\",\"@id\":\"https:\/\/mundosol.com\/limon-zeroseed\/\",\"url\":\"https:\/\/mundosol.com\/limon-zeroseed\/\",\"name\":\"Limon ZeroSeed - Mundosol\",\"isPartOf\":{\"@id\":\"https:\/\/mundosol.com\/#website\"},\"primaryImageOfPage\":{\"@id\":\"https:\/\/mundosol.com\/limon-zeroseed\/#primaryimage\"},\"image\":{\"@id\":\"https:\/\/mundosol.com\/limon-zeroseed\/#primaryimage\"},\"thumbnailUrl\":\"https:\/\/mundosol.com\/cms\/wp-content\/uploads\/2024\/11\/limones-principal-1.jpg\",\"datePublished\":\"2024-08-19T12:52:24+00:00\",\"dateModified\":\"2025-02-27T16:06:18+00:00\",\"description\":\"Nuestra variedad propia. Le hemos quitado a nuestros limones Zeroseeds lo \u00fanico que les sobra: las semillas.\",\"breadcrumb\":{\"@id\":\"https:\/\/mundosol.com\/limon-zeroseed\/#breadcrumb\"},\"inLanguage\":\"en-GB\",\"potentialAction\":[{\"@type\":\"ReadAction\",\"target\":[\"https:\/\/mundosol.com\/limon-zeroseed\/\"]}]},{\"@type\":\"ImageObject\",\"inLanguage\":\"en-GB\",\"@id\":\"https:\/\/mundosol.com\/limon-zeroseed\/#primaryimage\",\"url\":\"https:\/\/mundosol.com\/cms\/wp-content\/uploads\/2024\/11\/limones-principal-1.jpg\",\"contentUrl\":\"https:\/\/mundosol.com\/cms\/wp-content\/uploads\/2024\/11\/limones-principal-1.jpg\",\"width\":2560,\"height\":1245},{\"@type\":\"BreadcrumbList\",\"@id\":\"https:\/\/mundosol.com\/limon-zeroseed\/#breadcrumb\",\"itemListElement\":[{\"@type\":\"ListItem\",\"position\":1,\"name\":\"Portada\",\"item\":\"https:\/\/mundosol.com\/\"},{\"@type\":\"ListItem\",\"position\":2,\"name\":\"Limon ZeroSeed\"}]},{\"@type\":\"WebSite\",\"@id\":\"https:\/\/mundosol.com\/#website\",\"url\":\"https:\/\/mundosol.com\/\",\"name\":\"Mundosol\",\"description\":\"growing sustainability\",\"potentialAction\":[{\"@type\":\"SearchAction\",\"target\":{\"@type\":\"EntryPoint\",\"urlTemplate\":\"https:\/\/mundosol.com\/?s={search_term_string}\"},\"query-input\":{\"@type\":\"PropertyValueSpecification\",\"valueRequired\":true,\"valueName\":\"search_term_string\"}}],\"inLanguage\":\"en-GB\"}]}<\/script>\n<!-- \/ Yoast SEO plugin. -->","yoast_head_json":{"title":"Limon ZeroSeed - Mundosol","description":"Nuestra variedad propia. Le hemos quitado a nuestros limones Zeroseeds lo \u00fanico que les sobra: las semillas.","robots":{"index":"index","follow":"follow","max-snippet":"max-snippet:-1","max-image-preview":"max-image-preview:large","max-video-preview":"max-video-preview:-1"},"canonical":"https:\/\/mundosol.com\/en\/limon-zeroseed\/","og_locale":"en_GB","og_type":"article","og_title":"Limon ZeroSeed - Mundosol","og_description":"Nuestra variedad propia. Le hemos quitado a nuestros limones Zeroseeds lo \u00fanico que les sobra: las semillas.","og_url":"https:\/\/mundosol.com\/en\/limon-zeroseed\/","og_site_name":"Mundosol","article_modified_time":"2025-02-27T16:06:18+00:00","og_image":[{"width":2560,"height":1245,"url":"https:\/\/mundosol.com\/cms\/wp-content\/uploads\/2024\/11\/limones-principal-1.jpg","type":"image\/jpeg"}],"twitter_card":"summary_large_image","twitter_misc":{"Estimated reading time":"3 minutes"},"schema":{"@context":"https:\/\/schema.org","@graph":[{"@type":"WebPage","@id":"https:\/\/mundosol.com\/limon-zeroseed\/","url":"https:\/\/mundosol.com\/limon-zeroseed\/","name":"Limon ZeroSeed - Mundosol","isPartOf":{"@id":"https:\/\/mundosol.com\/#website"},"primaryImageOfPage":{"@id":"https:\/\/mundosol.com\/limon-zeroseed\/#primaryimage"},"image":{"@id":"https:\/\/mundosol.com\/limon-zeroseed\/#primaryimage"},"thumbnailUrl":"https:\/\/mundosol.com\/cms\/wp-content\/uploads\/2024\/11\/limones-principal-1.jpg","datePublished":"2024-08-19T12:52:24+00:00","dateModified":"2025-02-27T16:06:18+00:00","description":"Nuestra variedad propia. Le hemos quitado a nuestros limones Zeroseeds lo \u00fanico que les sobra: las semillas.","breadcrumb":{"@id":"https:\/\/mundosol.com\/limon-zeroseed\/#breadcrumb"},"inLanguage":"en-GB","potentialAction":[{"@type":"ReadAction","target":["https:\/\/mundosol.com\/limon-zeroseed\/"]}]},{"@type":"ImageObject","inLanguage":"en-GB","@id":"https:\/\/mundosol.com\/limon-zeroseed\/#primaryimage","url":"https:\/\/mundosol.com\/cms\/wp-content\/uploads\/2024\/11\/limones-principal-1.jpg","contentUrl":"https:\/\/mundosol.com\/cms\/wp-content\/uploads\/2024\/11\/limones-principal-1.jpg","width":2560,"height":1245},{"@type":"BreadcrumbList","@id":"https:\/\/mundosol.com\/limon-zeroseed\/#breadcrumb","itemListElement":[{"@type":"ListItem","position":1,"name":"Portada","item":"https:\/\/mundosol.com\/"},{"@type":"ListItem","position":2,"name":"Limon ZeroSeed"}]},{"@type":"WebSite","@id":"https:\/\/mundosol.com\/#website","url":"https:\/\/mundosol.com\/","name":"Mundosol","description":"growing sustainability","potentialAction":[{"@type":"SearchAction","target":{"@type":"EntryPoint","urlTemplate":"https:\/\/mundosol.com\/?s={search_term_string}"},"query-input":{"@type":"PropertyValueSpecification","valueRequired":true,"valueName":"search_term_string"}}],"inLanguage":"en-GB"}]}},"_links":{"self":[{"href":"https:\/\/mundosol.com\/en\/wp-json\/wp\/v2\/pages\/476","targetHints":{"allow":["GET"]}}],"collection":[{"href":"https:\/\/mundosol.com\/en\/wp-json\/wp\/v2\/pages"}],"about":[{"href":"https:\/\/mundosol.com\/en\/wp-json\/wp\/v2\/types\/page"}],"author":[{"embeddable":true,"href":"https:\/\/mundosol.com\/en\/wp-json\/wp\/v2\/users\/1"}],"replies":[{"embeddable":true,"href":"https:\/\/mundosol.com\/en\/wp-json\/wp\/v2\/comments?post=476"}],"version-history":[{"count":10,"href":"https:\/\/mundosol.com\/en\/wp-json\/wp\/v2\/pages\/476\/revisions"}],"predecessor-version":[{"id":1028,"href":"https:\/\/mundosol.com\/en\/wp-json\/wp\/v2\/pages\/476\/revisions\/1028"}],"wp:featuredmedia":[{"embeddable":true,"href":"https:\/\/mundosol.com\/en\/wp-json\/wp\/v2\/media\/897"}],"wp:attachment":[{"href":"https:\/\/mundosol.com\/en\/wp-json\/wp\/v2\/media?parent=476"}],"curies":[{"name":"wp","href":"https:\/\/api.w.org\/{rel}","templated":true}]}}