{"id":826,"date":"2024-10-28T18:26:06","date_gmt":"2024-10-28T18:26:06","guid":{"rendered":"https:\/\/mundosol.com\/cms\/?page_id=826"},"modified":"2024-10-28T18:26:09","modified_gmt":"2024-10-28T18:26:09","slug":"politica-de-cookies","status":"publish","type":"page","link":"https:\/\/mundosol.com\/en\/politica-de-cookies\/","title":{"rendered":"Cookies Policy"},"content":{"rendered":"<h1 class=\"wp-block-heading\" id=\"c_page_title\"><\/h1>\n\n\n\n<h2 class=\"wp-block-heading\">DEFINICI\u00d3N y funci\u00f3n gen\u00e9rica de las COOKIES<\/h2>\n\n\n\n<p>Las cookies son identificadores que enviamos al disco duro de su ordenador a trav\u00e9s de su navegador Web con el fin de que nuestros sistemas puedan reconocer su navegador y ofrecerle ciertos servicios.<\/p>\n\n\n\n<p>En general, estas tecnolog\u00edas pueden servir para finalidades muy diferentes, por ejemplo, reconocerte como usuario, obtener informaci\u00f3n sobre tus h\u00e1bitos de navegaci\u00f3n, o personalizar la forma en que se muestra el contenido.<\/p>\n\n\n\n<p>Esta p\u00e1gina utiliza tipos diferentes de cookies. Algunas cookies son colocadas por servicios de terceros que aparecen en nuestras p\u00e1ginas. En algunos casos, al utilizar un motor de b\u00fasqueda Google, es posible que haya aceptado sus propias cookies. Estas cookies de Google son instaladas aun cuando usted no haya aceptado nuestras cookies propias y\/o de terceros.<\/p>\n\n\n\n<p>A continuaci\u00f3n, indicamos las cookies que utiliza la p\u00e1gina www.mundosol.com<\/p>\n\n\n\n<h2 class=\"wp-block-heading\">COOKIES UTILIZADAS<\/h2>\n\n\n\n<h3 class=\"wp-block-heading\">Cookies necesarias<\/h3>\n\n\n\n<p>Las cookies necesarias ayudan a hacer una p\u00e1gina web utilizable activando funciones b\u00e1sicas como la navegaci\u00f3n en la p\u00e1gina y el acceso a \u00e1reas seguras de la p\u00e1gina web. La p\u00e1gina web no puede funcionar adecuadamente sin estas cookies.<\/p>\n\n\n\n<figure class=\"wp-block-table\"><table class=\"has-fixed-layout\"><tbody><tr><td>Name<\/td><td>Proveedor<\/td><td>Prop\u00f3sito<\/td><td>Caducidad<\/td><\/tr><tr><td>_icl_current_language<\/td><td>mundosol.com<\/td><td>Almacena la configuraci\u00f3n del idioma de la web<\/td><td>1 d\u00eda<\/td><\/tr><tr><td>cookies_configured<\/td><td>mundosol.com<\/td><td>Es la cookie en la que se guarda el par\u00e1metro si el usuario ha aplicado una configuraci\u00f3n de cookies o no, para no volver a mostrar el popup de aviso de cookies.<\/td><td>7 d\u00edas<\/td><\/tr><tr><td>cookies_analytics_accepted<\/td><td>mundosol.com<\/td><td>Es la cookie en la que se guarda el par\u00e1metro que el usuario ha aceptado la instalaci\u00f3n de cookies de anal\u00edtica y publicitarios.<\/td><td>7 d\u00edas<\/td><\/tr><tr><td>cookies_analytics_denied<\/td><td>mundosol.com<\/td><td>Es la cookie en la que se guarda el par\u00e1metro que el usuario ha denegado la instalaci\u00f3n de cookies de anal\u00edtica y publicitarios.<\/td><td>7 d\u00edas<\/td><\/tr><tr><td>_GRECAPTCHA<\/td><td>www.google.com<\/td><td>Es una cookie del sistema GOOGLE RECAPTCHA que protege el formulario de contacto contra el env\u00edo de mensajes de SPAM.<\/td><td>6 meses<\/td><\/tr><\/tbody><\/table><\/figure>\n\n\n\n<h3 class=\"wp-block-heading\">Cookies de estad\u00edsticas<\/h3>\n\n\n\n<p>Las cookies estad\u00edsticas ayudan a los propietarios de p\u00e1ginas web a comprender c\u00f3mo interact\u00faan los visitantes con las p\u00e1ginas web reuniendo y proporcionando informaci\u00f3n de forma an\u00f3nima.<\/p>\n\n\n\n<p>Para deshabilitar las cookies de Google Analytics, puede instalar el Complemento inhabilitaci\u00f3n para navegadores de Google Analytics que le permitir\u00e1 no mandar informaci\u00f3n estad\u00edstica. Lo tiene disponible en el siguiente enlace:&nbsp;<a href=\"https:\/\/web.archive.org\/web\/20220517175249\/https:\/\/tools.google.com\/dlpage\/gaoptout?hl=es\">https:\/\/tools.google.com\/dlpage\/gaoptout?hl=es<\/a><\/p>\n\n\n\n<figure class=\"wp-block-table\"><table class=\"has-fixed-layout\"><tbody><tr><td>Name<\/td><td>Proveedor<\/td><td>Prop\u00f3sito<\/td><td>Caducidad<\/td><\/tr><tr><td>_utma<\/td><td>Google Analytics<\/td><td>Recopila datos del n\u00famero de veces que el usuario se ha conectado a la p\u00e1gina web.<\/td><td>2 a\u00f1os<\/td><\/tr><tr><td>_utmb<\/td><td>Google Analytics<\/td><td>Registra el momento exacto que el visitante accede a la p\u00e1gina web.<\/td><td>1 d\u00eda<\/td><\/tr><tr><td>__utmc<\/td><td>Google Analytics<\/td><td>Registra el momento exacto que el visitante accede a la p\u00e1gina web.<\/td><td>Cookie de sesi\u00f3n<\/td><\/tr><tr><td>__utmt<\/td><td>Google Analytics<\/td><td>Valorar la velocidad de respuesta del servidor.<\/td><td>1 d\u00eda<\/td><\/tr><tr><td>__utmz<\/td><td>Google Analytics<\/td><td>Recopila la informaci\u00f3n de d\u00f3nde vienes, qu\u00e9 buscas, etc.<\/td><td>6 meses<\/td><\/tr><\/tbody><\/table><\/figure>\n\n\n\n<h2 class=\"wp-block-heading\">C\u00f3mo habilitar\/deshabilitar las Cookies en los principales navegadores:<\/h2>\n\n\n\n<p>Normalmente es posible dejar de aceptar las Cookies del navegador, o dejar de aceptar las Cookies de un Servicio en particular.<\/p>\n\n\n\n<p>Todos los navegadores modernos permiten cambiar la configuraci\u00f3n de Cookies. Estos ajustes normalmente se encuentran en las \u2018opciones\u2019 o \u2018Preferencias\u2019 del men\u00fa de su navegador. Asimismo, puede configurar su navegador o su gestor de correo electr\u00f3nico.<\/p>\n\n\n\n<p>A continuaci\u00f3n se ofrece orientaci\u00f3n al Usuario sobre los pasos para acceder al men\u00fa de configuraci\u00f3n de las cookies y, en su caso, de la navegaci\u00f3n privada en cada uno de los navegadores principales:<\/p>\n\n\n\n<p><strong>Internet Explorer:<\/strong>&nbsp;Herramientas -&gt; Opciones de Internet&nbsp;-&gt; Privacidad&nbsp;-&gt; Configuraci\u00f3n. Para m\u00e1s informaci\u00f3n, puede consultar el&nbsp;<a href=\"https:\/\/web.archive.org\/web\/20220517175249\/http:\/\/windows.microsoft.com\/es-ES\/windows\/support\">soporte de Microsoft<\/a>&nbsp;o la Ayuda del navegador.<\/p>\n\n\n\n<p><strong>Firefox:<\/strong>&nbsp;Herramientas&nbsp;-&gt; Opciones&nbsp;-&gt; Privacidad&nbsp;-&gt; Historial&nbsp;-&gt; Configuraci\u00f3n Personalizada. Para m\u00e1s informaci\u00f3n, puede consultar el&nbsp;<a href=\"https:\/\/web.archive.org\/web\/20220517175249\/http:\/\/support.mozilla.org\/es\/home\">soporte de Mozilla<\/a>&nbsp;o la Ayuda del navegador.<\/p>\n\n\n\n<p><strong>Chrome:<\/strong>&nbsp;Configuraci\u00f3n&nbsp;-&gt; Mostrar opciones avanzadas&nbsp;-&gt; Privacidad&nbsp;-&gt; Configuraci\u00f3n de contenido. Para m\u00e1s informaci\u00f3n, puede consultar el&nbsp;<a href=\"https:\/\/web.archive.org\/web\/20220517175249\/http:\/\/support.google.com\/chrome\/?hl=es\">soporte de Google<\/a>&nbsp;o la Ayuda del navegador.<\/p>\n\n\n\n<p><strong>Safari:<\/strong>&nbsp;Preferencias&nbsp;-&gt; Seguridad. Para m\u00e1s informaci\u00f3n, puede consultar el&nbsp;<a href=\"https:\/\/web.archive.org\/web\/20220517175249\/http:\/\/www.apple.com\/es\/support\/safari\/\">soporte de Apple<\/a>&nbsp;o la Ayuda del navegador.<\/p>\n\n\n\n<h3 class=\"wp-block-heading\">\u00bfQu\u00e9 ocurre si se deshabilitan las Cookies?<\/h3>\n\n\n\n<p>Algunas funcionalidades de los Servicios quedar\u00e1n deshabilitados como, por ejemplo, permanecer&nbsp;identificado, mantener las compras en el \u201ccarrito de la compra\u201d, etc.<\/p>","protected":false},"excerpt":{"rendered":"<p>DEFINICI\u00d3N y funci\u00f3n gen\u00e9rica de las COOKIES Las cookies son identificadores que enviamos al disco duro de su ordenador a trav\u00e9s de su navegador Web con el fin de que nuestros sistemas puedan reconocer su navegador y ofrecerle ciertos servicios. En general, estas tecnolog\u00edas pueden servir para finalidades muy diferentes, por ejemplo, reconocerte como usuario, [&hellip;]<\/p>","protected":false},"author":1,"featured_media":0,"parent":0,"menu_order":0,"comment_status":"closed","ping_status":"closed","template":"","meta":{"_et_pb_use_builder":"off","_et_pb_old_content":"","_et_gb_content_width":"","footnotes":""},"class_list":["post-826","page","type-page","status-publish","hentry"],"yoast_head":"<!-- This site is optimized with the Yoast SEO plugin v24.5 - https:\/\/yoast.com\/wordpress\/plugins\/seo\/ -->\n<title>Pol\u00edtica de cookies - Mundosol<\/title>\n<meta name=\"robots\" content=\"index, follow, max-snippet:-1, max-image-preview:large, max-video-preview:-1\" \/>\n<link rel=\"canonical\" href=\"https:\/\/mundosol.com\/en\/politica-de-cookies\/\" \/>\n<meta property=\"og:locale\" content=\"en_GB\" \/>\n<meta property=\"og:type\" content=\"article\" \/>\n<meta property=\"og:title\" content=\"Pol\u00edtica de cookies - Mundosol\" \/>\n<meta property=\"og:description\" content=\"DEFINICI\u00d3N y funci\u00f3n gen\u00e9rica de las COOKIES Las cookies son identificadores que enviamos al disco duro de su ordenador a trav\u00e9s de su navegador Web con el fin de que nuestros sistemas puedan reconocer su navegador y ofrecerle ciertos servicios. En general, estas tecnolog\u00edas pueden servir para finalidades muy diferentes, por ejemplo, reconocerte como usuario, [&hellip;]\" \/>\n<meta property=\"og:url\" content=\"https:\/\/mundosol.com\/en\/politica-de-cookies\/\" \/>\n<meta property=\"og:site_name\" content=\"Mundosol\" \/>\n<meta property=\"article:modified_time\" content=\"2024-10-28T18:26:09+00:00\" \/>\n<meta name=\"twitter:card\" content=\"summary_large_image\" \/>\n<meta name=\"twitter:label1\" content=\"Estimated reading time\" \/>\n\t<meta name=\"twitter:data1\" content=\"4 minutes\" \/>\n<script type=\"application\/ld+json\" class=\"yoast-schema-graph\">{\"@context\":\"https:\/\/schema.org\",\"@graph\":[{\"@type\":\"WebPage\",\"@id\":\"https:\/\/mundosol.com\/politica-de-cookies\/\",\"url\":\"https:\/\/mundosol.com\/politica-de-cookies\/\",\"name\":\"Pol\u00edtica de cookies - Mundosol\",\"isPartOf\":{\"@id\":\"https:\/\/mundosol.com\/#website\"},\"datePublished\":\"2024-10-28T18:26:06+00:00\",\"dateModified\":\"2024-10-28T18:26:09+00:00\",\"breadcrumb\":{\"@id\":\"https:\/\/mundosol.com\/politica-de-cookies\/#breadcrumb\"},\"inLanguage\":\"en-GB\",\"potentialAction\":[{\"@type\":\"ReadAction\",\"target\":[\"https:\/\/mundosol.com\/politica-de-cookies\/\"]}]},{\"@type\":\"BreadcrumbList\",\"@id\":\"https:\/\/mundosol.com\/politica-de-cookies\/#breadcrumb\",\"itemListElement\":[{\"@type\":\"ListItem\",\"position\":1,\"name\":\"Portada\",\"item\":\"https:\/\/mundosol.com\/\"},{\"@type\":\"ListItem\",\"position\":2,\"name\":\"Pol\u00edtica de cookies\"}]},{\"@type\":\"WebSite\",\"@id\":\"https:\/\/mundosol.com\/#website\",\"url\":\"https:\/\/mundosol.com\/\",\"name\":\"Mundosol\",\"description\":\"growing sustainability\",\"potentialAction\":[{\"@type\":\"SearchAction\",\"target\":{\"@type\":\"EntryPoint\",\"urlTemplate\":\"https:\/\/mundosol.com\/?s={search_term_string}\"},\"query-input\":{\"@type\":\"PropertyValueSpecification\",\"valueRequired\":true,\"valueName\":\"search_term_string\"}}],\"inLanguage\":\"en-GB\"}]}<\/script>\n<!-- \/ Yoast SEO plugin. -->","yoast_head_json":{"title":"Pol\u00edtica de cookies - Mundosol","robots":{"index":"index","follow":"follow","max-snippet":"max-snippet:-1","max-image-preview":"max-image-preview:large","max-video-preview":"max-video-preview:-1"},"canonical":"https:\/\/mundosol.com\/en\/politica-de-cookies\/","og_locale":"en_GB","og_type":"article","og_title":"Pol\u00edtica de cookies - Mundosol","og_description":"DEFINICI\u00d3N y funci\u00f3n gen\u00e9rica de las COOKIES Las cookies son identificadores que enviamos al disco duro de su ordenador a trav\u00e9s de su navegador Web con el fin de que nuestros sistemas puedan reconocer su navegador y ofrecerle ciertos servicios. En general, estas tecnolog\u00edas pueden servir para finalidades muy diferentes, por ejemplo, reconocerte como usuario, [&hellip;]","og_url":"https:\/\/mundosol.com\/en\/politica-de-cookies\/","og_site_name":"Mundosol","article_modified_time":"2024-10-28T18:26:09+00:00","twitter_card":"summary_large_image","twitter_misc":{"Estimated reading time":"4 minutes"},"schema":{"@context":"https:\/\/schema.org","@graph":[{"@type":"WebPage","@id":"https:\/\/mundosol.com\/politica-de-cookies\/","url":"https:\/\/mundosol.com\/politica-de-cookies\/","name":"Pol\u00edtica de cookies - Mundosol","isPartOf":{"@id":"https:\/\/mundosol.com\/#website"},"datePublished":"2024-10-28T18:26:06+00:00","dateModified":"2024-10-28T18:26:09+00:00","breadcrumb":{"@id":"https:\/\/mundosol.com\/politica-de-cookies\/#breadcrumb"},"inLanguage":"en-GB","potentialAction":[{"@type":"ReadAction","target":["https:\/\/mundosol.com\/politica-de-cookies\/"]}]},{"@type":"BreadcrumbList","@id":"https:\/\/mundosol.com\/politica-de-cookies\/#breadcrumb","itemListElement":[{"@type":"ListItem","position":1,"name":"Portada","item":"https:\/\/mundosol.com\/"},{"@type":"ListItem","position":2,"name":"Pol\u00edtica de cookies"}]},{"@type":"WebSite","@id":"https:\/\/mundosol.com\/#website","url":"https:\/\/mundosol.com\/","name":"Mundosol","description":"growing sustainability","potentialAction":[{"@type":"SearchAction","target":{"@type":"EntryPoint","urlTemplate":"https:\/\/mundosol.com\/?s={search_term_string}"},"query-input":{"@type":"PropertyValueSpecification","valueRequired":true,"valueName":"search_term_string"}}],"inLanguage":"en-GB"}]}},"_links":{"self":[{"href":"https:\/\/mundosol.com\/en\/wp-json\/wp\/v2\/pages\/826","targetHints":{"allow":["GET"]}}],"collection":[{"href":"https:\/\/mundosol.com\/en\/wp-json\/wp\/v2\/pages"}],"about":[{"href":"https:\/\/mundosol.com\/en\/wp-json\/wp\/v2\/types\/page"}],"author":[{"embeddable":true,"href":"https:\/\/mundosol.com\/en\/wp-json\/wp\/v2\/users\/1"}],"replies":[{"embeddable":true,"href":"https:\/\/mundosol.com\/en\/wp-json\/wp\/v2\/comments?post=826"}],"version-history":[{"count":1,"href":"https:\/\/mundosol.com\/en\/wp-json\/wp\/v2\/pages\/826\/revisions"}],"predecessor-version":[{"id":827,"href":"https:\/\/mundosol.com\/en\/wp-json\/wp\/v2\/pages\/826\/revisions\/827"}],"wp:attachment":[{"href":"https:\/\/mundosol.com\/en\/wp-json\/wp\/v2\/media?parent=826"}],"curies":[{"name":"wp","href":"https:\/\/api.w.org\/{rel}","templated":true}]}}